{"id":2,"date":"2025-08-13T16:20:01","date_gmt":"2025-08-13T16:20:01","guid":{"rendered":"https:\/\/innovalog-consulting.hr\/?page_id=2"},"modified":"2025-08-14T13:43:41","modified_gmt":"2025-08-14T11:43:41","slug":"skladistenje","status":"publish","type":"page","link":"https:\/\/www.innovalog-consulting.hr\/index.php\/usluge\/skladistenje\/","title":{"rendered":"Skladi\u0161tenje"},"content":{"rendered":"<style>.kb-row-layout-id2_ad0435-09 > .kt-row-column-wrap{align-content:start;}:where(.kb-row-layout-id2_ad0435-09 > .kt-row-column-wrap) > .wp-block-kadence-column{justify-content:start;}.kb-row-layout-id2_ad0435-09 > .kt-row-column-wrap{column-gap:var(--global-kb-gap-md, 2rem);row-gap:var(--global-kb-gap-md, 2rem);padding-top:var(--global-kb-spacing-5xl, 10rem);padding-bottom:var(--global-kb-spacing-sm, 1.5rem);grid-template-columns:minmax(0, calc(60% - ((var(--global-kb-gap-md, 2rem) * 1 )\/2)))minmax(0, calc(40% - ((var(--global-kb-gap-md, 2rem) * 1 )\/2)));}.kb-row-layout-id2_ad0435-09 > .kt-row-layout-overlay{opacity:0.30;}@media all and (max-width: 1024px){.kb-row-layout-id2_ad0435-09 > .kt-row-column-wrap{grid-template-columns:repeat(2, minmax(0, 1fr));}}@media all and (max-width: 767px){.kb-row-layout-id2_ad0435-09 > .kt-row-column-wrap{grid-template-columns:minmax(0, 1fr);}}<\/style><div class=\"kb-row-layout-wrap kb-row-layout-id2_ad0435-09 alignnone wp-block-kadence-rowlayout\"><div class=\"kt-row-column-wrap kt-has-2-columns kt-row-layout-equal kt-tab-layout-inherit kt-mobile-layout-row kt-row-valign-top\">\n<style>.kadence-column2_0e7be0-9f > .kt-inside-inner-col,.kadence-column2_0e7be0-9f > .kt-inside-inner-col:before{border-top-left-radius:0px;border-top-right-radius:0px;border-bottom-right-radius:0px;border-bottom-left-radius:0px;}.kadence-column2_0e7be0-9f > .kt-inside-inner-col{column-gap:var(--global-kb-gap-sm, 1rem);}.kadence-column2_0e7be0-9f > .kt-inside-inner-col{flex-direction:column;}.kadence-column2_0e7be0-9f > .kt-inside-inner-col > .aligncenter{width:100%;}.kadence-column2_0e7be0-9f > .kt-inside-inner-col:before{opacity:0.3;}.kadence-column2_0e7be0-9f{position:relative;}@media all and (max-width: 1024px){.kadence-column2_0e7be0-9f > .kt-inside-inner-col{flex-direction:column;justify-content:center;}}@media all and (max-width: 767px){.kadence-column2_0e7be0-9f > .kt-inside-inner-col{flex-direction:column;justify-content:center;}}<\/style>\n<div class=\"wp-block-kadence-column kadence-column2_0e7be0-9f\"><div class=\"kt-inside-inner-col\"><style>.wp-block-kadence-advancedheading.kt-adv-heading2_55739f-17, .wp-block-kadence-advancedheading.kt-adv-heading2_55739f-17[data-kb-block=\"kb-adv-heading2_55739f-17\"]{font-style:normal;}.wp-block-kadence-advancedheading.kt-adv-heading2_55739f-17 mark.kt-highlight, .wp-block-kadence-advancedheading.kt-adv-heading2_55739f-17[data-kb-block=\"kb-adv-heading2_55739f-17\"] mark.kt-highlight{font-style:normal;color:#f76a0c;-webkit-box-decoration-break:clone;box-decoration-break:clone;padding-top:0px;padding-right:0px;padding-bottom:0px;padding-left:0px;}.wp-block-kadence-advancedheading.kt-adv-heading2_55739f-17 img.kb-inline-image, .wp-block-kadence-advancedheading.kt-adv-heading2_55739f-17[data-kb-block=\"kb-adv-heading2_55739f-17\"] img.kb-inline-image{width:150px;vertical-align:baseline;}<\/style>\n<h3 class=\"kt-adv-heading2_55739f-17 wp-block-kadence-advancedheading\" data-kb-block=\"kb-adv-heading2_55739f-17\"><strong>Optimizacija Skladi\u0161ta<\/strong><\/h3>\n\n\n\n<p>Optimizacija skladi\u0161nog prostora je klju\u010d za pove\u0107anje efikasnosti poslovanja. Kroz detaljnu analizu i redizajn skladi\u0161nog prostora, prilago\u0111avamo layoute i procese tako da va\u0161i resursi budu iskori\u0161teni maksimalno. Cilj je smanjenje operativnih tro\u0161kova, pobolj\u0161anje protoka materijala i smanjenje vremena obrade.<\/p>\n\n\n\n<p><strong>\u0160to nudimo<\/strong>:<\/p>\n\n\n\n<ul class=\"wp-block-list\">\n<li>Analiza trenutnog skladi\u0161nog prostora i procesa<\/li>\n\n\n\n<li>Redizajn skladi\u0161nog prostora prema potrebama va\u0161eg poslovanja<\/li>\n\n\n\n<li>Pove\u0107anje kapaciteta skladi\u0161ta uz optimizaciju prostora<\/li>\n\n\n\n<li>Implementacija optimalnog skladi\u0161nog sistema (FIFO, LIFO, itd.)<\/li>\n\n\n\n<li>Automatizacija skladi\u0161nih procesa za br\u017eu obradu i smanjenje pogre\u0161aka<\/li>\n\n\n\n<li>Edukacija zaposlenika za efikasno kori\u0161tenje novih rje\u0161enja<\/li>\n<\/ul>\n\n\n\n<p><strong>Benefiti<\/strong>:<\/p>\n\n\n\n<ul class=\"wp-block-list\">\n<li>Pove\u0107anje efikasnosti skladi\u0161tenja i smanjenje operativnih tro\u0161kova<\/li>\n\n\n\n<li>Br\u017ea obrada narud\u017ebi i isporuka<\/li>\n\n\n\n<li>Manje pogre\u0161aka u inventuri i bolja kontrola zaliha<\/li>\n<\/ul>\n<\/div><\/div>\n\n\n<style>.kadence-column2_f7b774-7c > .kt-inside-inner-col,.kadence-column2_f7b774-7c > .kt-inside-inner-col:before{border-top-left-radius:0px;border-top-right-radius:0px;border-bottom-right-radius:0px;border-bottom-left-radius:0px;}.kadence-column2_f7b774-7c > .kt-inside-inner-col{column-gap:var(--global-kb-gap-sm, 1rem);}.kadence-column2_f7b774-7c > .kt-inside-inner-col{flex-direction:column;}.kadence-column2_f7b774-7c > .kt-inside-inner-col > .aligncenter{width:100%;}.kadence-column2_f7b774-7c > .kt-inside-inner-col:before{opacity:0.3;}.kadence-column2_f7b774-7c{position:relative;}@media all and (max-width: 1024px){.kadence-column2_f7b774-7c > .kt-inside-inner-col{flex-direction:column;justify-content:center;}}@media all and (max-width: 767px){.kadence-column2_f7b774-7c > .kt-inside-inner-col{flex-direction:column;justify-content:center;}}<\/style>\n<div class=\"wp-block-kadence-column kadence-column2_f7b774-7c\"><div class=\"kt-inside-inner-col\"><div class=\"wp-block-image\">\n<figure class=\"aligncenter size-full\"><img loading=\"lazy\" decoding=\"async\" width=\"336\" height=\"600\" sizes=\"auto, (max-width: 336px) 100vw, 336px\" src=\"https:\/\/innovalog-consulting.hr\/wp-content\/uploads\/2025\/08\/admin-ajax.jpg\" alt=\"\" class=\"wp-image-157\" srcset=\"https:\/\/www.innovalog-consulting.hr\/wp-content\/uploads\/2025\/08\/admin-ajax.jpg 336w, https:\/\/www.innovalog-consulting.hr\/wp-content\/uploads\/2025\/08\/admin-ajax-168x300.jpg 168w\" \/><\/figure>\n<\/div><\/div><\/div>\n\n\n<style>.kadence-column2_67a079-fa > .kt-inside-inner-col,.kadence-column2_67a079-fa > .kt-inside-inner-col:before{border-top-left-radius:0px;border-top-right-radius:0px;border-bottom-right-radius:0px;border-bottom-left-radius:0px;}.kadence-column2_67a079-fa > .kt-inside-inner-col{column-gap:var(--global-kb-gap-sm, 1rem);}.kadence-column2_67a079-fa > .kt-inside-inner-col{flex-direction:column;}.kadence-column2_67a079-fa > .kt-inside-inner-col > .aligncenter{width:100%;}.kadence-column2_67a079-fa > .kt-inside-inner-col:before{opacity:0.3;}.kadence-column2_67a079-fa{position:relative;}@media all and (max-width: 1024px){.kadence-column2_67a079-fa > .kt-inside-inner-col{flex-direction:column;justify-content:center;}}@media all and (max-width: 767px){.kadence-column2_67a079-fa > .kt-inside-inner-col{flex-direction:column;justify-content:center;}}<\/style>\n<div class=\"wp-block-kadence-column kadence-column2_67a079-fa\"><div class=\"kt-inside-inner-col\"><\/div><\/div>\n\n<\/div><\/div>","protected":false},"excerpt":{"rendered":"<p>Optimizacija Skladi\u0161ta Optimizacija skladi\u0161nog prostora je klju\u010d za pove\u0107anje efikasnosti poslovanja. Kroz detaljnu analizu i redizajn skladi\u0161nog prostora, prilago\u0111avamo layoute i procese tako da va\u0161i resursi budu iskori\u0161teni maksimalno. Cilj je smanjenje operativnih tro\u0161kova, pobolj\u0161anje protoka materijala i smanjenje vremena obrade. \u0160to nudimo: Benefiti:<\/p>\n","protected":false},"author":1,"featured_media":0,"parent":37,"menu_order":0,"comment_status":"closed","ping_status":"closed","template":"","meta":{"_kadence_starter_templates_imported_post":false,"_swpsp_post_exclude":false,"_kad_post_transparent":"","_kad_post_title":"","_kad_post_layout":"","_kad_post_sidebar_id":"","_kad_post_content_style":"","_kad_post_vertical_padding":"","_kad_post_feature":"","_kad_post_feature_position":"","_kad_post_header":false,"_kad_post_footer":false,"_kad_post_classname":"","footnotes":""},"class_list":["post-2","page","type-page","status-publish","hentry"],"_links":{"self":[{"href":"https:\/\/www.innovalog-consulting.hr\/index.php\/wp-json\/wp\/v2\/pages\/2","targetHints":{"allow":["GET"]}}],"collection":[{"href":"https:\/\/www.innovalog-consulting.hr\/index.php\/wp-json\/wp\/v2\/pages"}],"about":[{"href":"https:\/\/www.innovalog-consulting.hr\/index.php\/wp-json\/wp\/v2\/types\/page"}],"author":[{"embeddable":true,"href":"https:\/\/www.innovalog-consulting.hr\/index.php\/wp-json\/wp\/v2\/users\/1"}],"replies":[{"embeddable":true,"href":"https:\/\/www.innovalog-consulting.hr\/index.php\/wp-json\/wp\/v2\/comments?post=2"}],"version-history":[{"count":3,"href":"https:\/\/www.innovalog-consulting.hr\/index.php\/wp-json\/wp\/v2\/pages\/2\/revisions"}],"predecessor-version":[{"id":172,"href":"https:\/\/www.innovalog-consulting.hr\/index.php\/wp-json\/wp\/v2\/pages\/2\/revisions\/172"}],"up":[{"embeddable":true,"href":"https:\/\/www.innovalog-consulting.hr\/index.php\/wp-json\/wp\/v2\/pages\/37"}],"wp:attachment":[{"href":"https:\/\/www.innovalog-consulting.hr\/index.php\/wp-json\/wp\/v2\/media?parent=2"}],"curies":[{"name":"wp","href":"https:\/\/api.w.org\/{rel}","templated":true}]}}