{"id":145,"date":"2025-08-14T13:18:31","date_gmt":"2025-08-14T11:18:31","guid":{"rendered":"https:\/\/innovalog-consulting.hr\/?page_id=145"},"modified":"2026-02-04T21:26:46","modified_gmt":"2026-02-04T20:26:46","slug":"implementacija-automatiziranih-alata","status":"publish","type":"page","link":"https:\/\/www.innovalog-consulting.hr\/index.php\/usluge\/implementacija-automatiziranih-alata\/","title":{"rendered":"Implementacija Automatiziranih Alata"},"content":{"rendered":"<style>.kb-row-layout-id145_c16de9-cb > .kt-row-column-wrap{align-content:start;}:where(.kb-row-layout-id145_c16de9-cb > .kt-row-column-wrap) > .wp-block-kadence-column{justify-content:start;}.kb-row-layout-id145_c16de9-cb > .kt-row-column-wrap{column-gap:var(--global-kb-gap-md, 2rem);row-gap:var(--global-kb-gap-md, 2rem);padding-top:var(--global-kb-spacing-5xl, 10rem);padding-bottom:var(--global-kb-spacing-sm, 1.5rem);grid-template-columns:minmax(0, 2fr) minmax(0, 1fr);}.kb-row-layout-id145_c16de9-cb > .kt-row-layout-overlay{opacity:0.30;}@media all and (max-width: 1024px){.kb-row-layout-id145_c16de9-cb > .kt-row-column-wrap{grid-template-columns:minmax(0, 2fr) minmax(0, 1fr);}}@media all and (max-width: 767px){.kb-row-layout-id145_c16de9-cb > .kt-row-column-wrap{grid-template-columns:minmax(0, 1fr);}}<\/style><div class=\"kb-row-layout-wrap kb-row-layout-id145_c16de9-cb alignnone wp-block-kadence-rowlayout\"><div class=\"kt-row-column-wrap kt-has-2-columns kt-row-layout-left-golden kt-tab-layout-inherit kt-mobile-layout-row kt-row-valign-top\">\n<style>.kadence-column145_227ae8-69 > .kt-inside-inner-col,.kadence-column145_227ae8-69 > .kt-inside-inner-col:before{border-top-left-radius:0px;border-top-right-radius:0px;border-bottom-right-radius:0px;border-bottom-left-radius:0px;}.kadence-column145_227ae8-69 > .kt-inside-inner-col{column-gap:var(--global-kb-gap-sm, 1rem);}.kadence-column145_227ae8-69 > .kt-inside-inner-col{flex-direction:column;}.kadence-column145_227ae8-69 > .kt-inside-inner-col > .aligncenter{width:100%;}.kadence-column145_227ae8-69 > .kt-inside-inner-col:before{opacity:0.3;}.kadence-column145_227ae8-69{position:relative;}@media all and (max-width: 1024px){.kadence-column145_227ae8-69 > .kt-inside-inner-col{flex-direction:column;justify-content:center;}}@media all and (max-width: 767px){.kadence-column145_227ae8-69 > .kt-inside-inner-col{flex-direction:column;justify-content:center;}}<\/style>\n<div class=\"wp-block-kadence-column kadence-column145_227ae8-69\"><div class=\"kt-inside-inner-col\">\n<p id=\"cd_xa9baz4uom\"><strong>Tehnolo\u0161ka rje\u0161enja za modernu logistiku i supply chain<br>Optimizacija procesa uz napredne digitalne alate<\/strong><\/p>\n\n\n\n<p><\/p>\n\n\n\n<p>U dana\u0161njoj logistici tehnologija vi\u0161e nije prednost \u2014 ona je nu\u017enost. Implementacijom naprednih sustava poput WMS\u2011a, TMS\u2011a, rje\u0161enja za planiranje ruta i automatizirane nadopune zaliha, poma\u017eemo tvrtkama ubrzati operacije, smanjiti tro\u0161kove i eliminirati operativne pogre\u0161ke.<\/p>\n\n\n\n<p><strong>\u0160to nudimo<\/strong><\/p>\n\n\n\n<p><strong>WMS implementacija<\/strong><br>Kompletna podr\u0161ka pri odabiru, implementaciji i prilagodbi Warehouse Management System rje\u0161enja. Obuhva\u0107amo mapiranje procesa, optimizaciju skladi\u0161nih tokova te edukaciju zaposlenika.<\/p>\n\n\n\n<p><strong>TMS implementacija<\/strong><br>Uvo\u0111enje Transport Management System sustava za digitalizaciju i optimizaciju transportnih procesa: upravljanje po\u0161iljkama, prijevoznicima, tro\u0161kovima i KPI\u2011jevima u realnom vremenu.<\/p>\n\n\n\n<p><strong>Implementacija sustava za automatiziranu nadopunu zaliha<\/strong><br>Implementiramo napredne algoritamske sustave za automatizirano planiranje replenishmenta.<br>Takva rje\u0161enja analiziraju potra\u017enju, sezonalnost, sigurnosne zalihe i ograni\u010denja opskrbe te automatski predla\u017eu ili generiraju narud\u017ebe. Rezultat su optimizirane zalihe, manje zalihe koje stoje, manje out\u2011of\u2011stock situacija i zna\u010dajno bolja dostupnost proizvoda.<\/p>\n\n\n\n<p><strong>Route Planning rje\u0161enja<\/strong><br>Uvo\u0111enje inteligentnih sustava za automatsko planiranje ruta i optimizaciju voznog parka, uz smanjenje tro\u0161kova prijevoza i pove\u0107anje iskori\u0161tenosti kapaciteta.<\/p>\n\n\n\n<p><strong>Integracija s postoje\u0107im IT sustavima<\/strong><br>Bezbolno povezivanje novih logisti\u010dkih rje\u0161enja s va\u0161im ERP\u2011om, CRM\u2011om, BI sustavima i ostalim poslovnim alatima kako biste dobili jedinstven i stabilan ekosustav.<\/p>\n<\/div><\/div>\n\n\n<style>.kadence-column145_5ff05b-c5 > .kt-inside-inner-col,.kadence-column145_5ff05b-c5 > .kt-inside-inner-col:before{border-top-left-radius:0px;border-top-right-radius:0px;border-bottom-right-radius:0px;border-bottom-left-radius:0px;}.kadence-column145_5ff05b-c5 > .kt-inside-inner-col{column-gap:var(--global-kb-gap-sm, 1rem);}.kadence-column145_5ff05b-c5 > .kt-inside-inner-col{flex-direction:column;}.kadence-column145_5ff05b-c5 > .kt-inside-inner-col > .aligncenter{width:100%;}.kadence-column145_5ff05b-c5 > .kt-inside-inner-col:before{opacity:0.3;}.kadence-column145_5ff05b-c5{position:relative;}@media all and (max-width: 1024px){.kadence-column145_5ff05b-c5 > .kt-inside-inner-col{flex-direction:column;justify-content:center;}}@media all and (max-width: 767px){.kadence-column145_5ff05b-c5 > .kt-inside-inner-col{flex-direction:column;justify-content:center;}}<\/style>\n<div class=\"wp-block-kadence-column kadence-column145_5ff05b-c5\"><div class=\"kt-inside-inner-col\">\n<figure class=\"wp-block-image size-large\"><img loading=\"lazy\" decoding=\"async\" width=\"574\" height=\"1024\" sizes=\"auto, (max-width: 574px) 100vw, 574px\" src=\"https:\/\/innovalog-consulting.hr\/wp-content\/uploads\/2025\/08\/StockCake-Architectural-Design-Setup_1742916030-574x1024.jpg\" alt=\"\" class=\"wp-image-177\" srcset=\"https:\/\/www.innovalog-consulting.hr\/wp-content\/uploads\/2025\/08\/StockCake-Architectural-Design-Setup_1742916030-574x1024.jpg 574w, https:\/\/www.innovalog-consulting.hr\/wp-content\/uploads\/2025\/08\/StockCake-Architectural-Design-Setup_1742916030-168x300.jpg 168w, https:\/\/www.innovalog-consulting.hr\/wp-content\/uploads\/2025\/08\/StockCake-Architectural-Design-Setup_1742916030-768x1370.jpg 768w, https:\/\/www.innovalog-consulting.hr\/wp-content\/uploads\/2025\/08\/StockCake-Architectural-Design-Setup_1742916030.jpg 816w\" \/><\/figure>\n<\/div><\/div>\n\n<\/div><\/div>","protected":false},"excerpt":{"rendered":"<p>Tehnolo\u0161ka rje\u0161enja za modernu logistiku i supply chainOptimizacija procesa uz napredne digitalne alate U dana\u0161njoj logistici tehnologija vi\u0161e nije prednost \u2014 ona je nu\u017enost. Implementacijom naprednih sustava poput WMS\u2011a, TMS\u2011a, rje\u0161enja za planiranje ruta i automatizirane nadopune zaliha, poma\u017eemo tvrtkama ubrzati operacije, smanjiti tro\u0161kove i eliminirati operativne pogre\u0161ke. \u0160to nudimo WMS implementacijaKompletna podr\u0161ka pri odabiru,&#8230;<\/p>\n","protected":false},"author":1,"featured_media":0,"parent":37,"menu_order":0,"comment_status":"closed","ping_status":"closed","template":"","meta":{"_kadence_starter_templates_imported_post":false,"_swpsp_post_exclude":false,"_kad_post_transparent":"","_kad_post_title":"","_kad_post_layout":"","_kad_post_sidebar_id":"","_kad_post_content_style":"","_kad_post_vertical_padding":"","_kad_post_feature":"","_kad_post_feature_position":"","_kad_post_header":false,"_kad_post_footer":false,"_kad_post_classname":"","footnotes":""},"class_list":["post-145","page","type-page","status-publish","hentry"],"_links":{"self":[{"href":"https:\/\/www.innovalog-consulting.hr\/index.php\/wp-json\/wp\/v2\/pages\/145","targetHints":{"allow":["GET"]}}],"collection":[{"href":"https:\/\/www.innovalog-consulting.hr\/index.php\/wp-json\/wp\/v2\/pages"}],"about":[{"href":"https:\/\/www.innovalog-consulting.hr\/index.php\/wp-json\/wp\/v2\/types\/page"}],"author":[{"embeddable":true,"href":"https:\/\/www.innovalog-consulting.hr\/index.php\/wp-json\/wp\/v2\/users\/1"}],"replies":[{"embeddable":true,"href":"https:\/\/www.innovalog-consulting.hr\/index.php\/wp-json\/wp\/v2\/comments?post=145"}],"version-history":[{"count":4,"href":"https:\/\/www.innovalog-consulting.hr\/index.php\/wp-json\/wp\/v2\/pages\/145\/revisions"}],"predecessor-version":[{"id":550,"href":"https:\/\/www.innovalog-consulting.hr\/index.php\/wp-json\/wp\/v2\/pages\/145\/revisions\/550"}],"up":[{"embeddable":true,"href":"https:\/\/www.innovalog-consulting.hr\/index.php\/wp-json\/wp\/v2\/pages\/37"}],"wp:attachment":[{"href":"https:\/\/www.innovalog-consulting.hr\/index.php\/wp-json\/wp\/v2\/media?parent=145"}],"curies":[{"name":"wp","href":"https:\/\/api.w.org\/{rel}","templated":true}]}}