{"id":143,"date":"2025-08-14T13:18:04","date_gmt":"2025-08-14T11:18:04","guid":{"rendered":"https:\/\/innovalog-consulting.hr\/?page_id=143"},"modified":"2025-08-14T13:42:19","modified_gmt":"2025-08-14T11:42:19","slug":"upravljanje-zalihama","status":"publish","type":"page","link":"https:\/\/www.innovalog-consulting.hr\/index.php\/usluge\/upravljanje-zalihama\/","title":{"rendered":"Upravljanje Zalihama"},"content":{"rendered":"<style>.kb-row-layout-id143_8c3820-32 > .kt-row-column-wrap{align-content:center;}:where(.kb-row-layout-id143_8c3820-32 > .kt-row-column-wrap) > .wp-block-kadence-column{justify-content:center;}.kb-row-layout-id143_8c3820-32 > .kt-row-column-wrap{column-gap:var(--global-kb-gap-md, 2rem);row-gap:var(--global-kb-gap-md, 2rem);padding-top:var(--global-kb-spacing-5xl, 10rem);padding-bottom:var(--global-kb-spacing-sm, 1.5rem);grid-template-columns:minmax(0, 2fr) minmax(0, 1fr);}.kb-row-layout-id143_8c3820-32 > .kt-row-layout-overlay{opacity:0.30;}@media all and (max-width: 1024px){.kb-row-layout-id143_8c3820-32 > .kt-row-column-wrap{grid-template-columns:minmax(0, 2fr) minmax(0, 1fr);}}@media all and (max-width: 767px){.kb-row-layout-id143_8c3820-32 > .kt-row-column-wrap{grid-template-columns:minmax(0, 1fr);}}<\/style><div class=\"kb-row-layout-wrap kb-row-layout-id143_8c3820-32 alignnone wp-block-kadence-rowlayout\"><div class=\"kt-row-column-wrap kt-has-2-columns kt-row-layout-left-golden kt-tab-layout-inherit kt-mobile-layout-row kt-row-valign-middle\">\n<style>.kadence-column143_986d17-19 > .kt-inside-inner-col,.kadence-column143_986d17-19 > .kt-inside-inner-col:before{border-top-left-radius:0px;border-top-right-radius:0px;border-bottom-right-radius:0px;border-bottom-left-radius:0px;}.kadence-column143_986d17-19 > .kt-inside-inner-col{column-gap:var(--global-kb-gap-sm, 1rem);}.kadence-column143_986d17-19 > .kt-inside-inner-col{flex-direction:column;}.kadence-column143_986d17-19 > .kt-inside-inner-col > .aligncenter{width:100%;}.kadence-column143_986d17-19 > .kt-inside-inner-col:before{opacity:0.3;}.kadence-column143_986d17-19{position:relative;}@media all and (max-width: 1024px){.kadence-column143_986d17-19 > .kt-inside-inner-col{flex-direction:column;justify-content:center;}}@media all and (max-width: 767px){.kadence-column143_986d17-19 > .kt-inside-inner-col{flex-direction:column;justify-content:center;}}<\/style>\n<div class=\"wp-block-kadence-column kadence-column143_986d17-19\"><div class=\"kt-inside-inner-col\">\n<p id=\"cd_312zxini2kn\"><strong>Upravljanje zalihama<\/strong> je klju\u010dno za osiguranje optimalnog poslovanja, jer omogu\u0107ava ravnote\u017eu izme\u0111u potrebe za zalihama i tro\u0161kova skladi\u0161tenja. Kori\u0161tenjem ABC\/XYZ analize i drugih naprednih tehnika, osiguravamo da imate pravu koli\u010dinu zaliha u pravom trenutku, bez nepotrebnih tro\u0161kova ili zastarjelih proizvoda.<\/p>\n\n\n\n<p><strong>\u0160to nudimo:<\/strong><\/p>\n\n\n\n<ul class=\"wp-block-list\">\n<li>Provodimo ABC\/XYZ analizu za segmentaciju proizvoda<\/li>\n\n\n\n<li>Optimizacija sigurnosnih zaliha za sprje\u010davanje nesta\u0161ica<\/li>\n\n\n\n<li>Razvijanje strategija za smanjenje zastarjelosti zaliha<\/li>\n\n\n\n<li>Implementacija sustava za pra\u0107enje i optimizaciju zaliha u stvarnom vremenu<\/li>\n\n\n\n<li>Prilagodba sustava za razli\u010dite tipove proizvoda i industrije<\/li>\n<\/ul>\n\n\n\n<p><strong>Benefiti:<\/strong><\/p>\n\n\n\n<ul class=\"wp-block-list\">\n<li>Smanjenje tro\u0161kova skladi\u0161tenja i zaliha<\/li>\n\n\n\n<li>Pobolj\u0161anje to\u010dnosti inventura i pra\u0107enja zaliha<\/li>\n\n\n\n<li>Optimizacija procesa naru\u010divanja i smanjenje rizika od nesta\u0161ica ili vi\u0161ka zaliha<\/li>\n<\/ul>\n<\/div><\/div>\n\n\n<style>.kadence-column143_62e7ff-88 > .kt-inside-inner-col,.kadence-column143_62e7ff-88 > .kt-inside-inner-col:before{border-top-left-radius:0px;border-top-right-radius:0px;border-bottom-right-radius:0px;border-bottom-left-radius:0px;}.kadence-column143_62e7ff-88 > .kt-inside-inner-col{column-gap:var(--global-kb-gap-sm, 1rem);}.kadence-column143_62e7ff-88 > .kt-inside-inner-col{flex-direction:column;}.kadence-column143_62e7ff-88 > .kt-inside-inner-col > .aligncenter{width:100%;}.kadence-column143_62e7ff-88 > .kt-inside-inner-col:before{opacity:0.3;}.kadence-column143_62e7ff-88{position:relative;}@media all and (max-width: 1024px){.kadence-column143_62e7ff-88 > .kt-inside-inner-col{flex-direction:column;justify-content:center;}}@media all and (max-width: 767px){.kadence-column143_62e7ff-88 > .kt-inside-inner-col{flex-direction:column;justify-content:center;}}<\/style>\n<div class=\"wp-block-kadence-column kadence-column143_62e7ff-88\"><div class=\"kt-inside-inner-col\">\n<figure class=\"wp-block-image size-large\"><img loading=\"lazy\" decoding=\"async\" width=\"585\" height=\"1024\" sizes=\"auto, (max-width: 585px) 100vw, 585px\" src=\"https:\/\/innovalog-consulting.hr\/wp-content\/uploads\/2025\/08\/StockCake-Automated-Warehouse-Future_1742915882-585x1024.jpg\" alt=\"\" class=\"wp-image-167\" srcset=\"https:\/\/www.innovalog-consulting.hr\/wp-content\/uploads\/2025\/08\/StockCake-Automated-Warehouse-Future_1742915882-585x1024.jpg 585w, https:\/\/www.innovalog-consulting.hr\/wp-content\/uploads\/2025\/08\/StockCake-Automated-Warehouse-Future_1742915882-171x300.jpg 171w, https:\/\/www.innovalog-consulting.hr\/wp-content\/uploads\/2025\/08\/StockCake-Automated-Warehouse-Future_1742915882.jpg 768w\" \/><\/figure>\n<\/div><\/div>\n\n<\/div><\/div>","protected":false},"excerpt":{"rendered":"<p>Upravljanje zalihama je klju\u010dno za osiguranje optimalnog poslovanja, jer omogu\u0107ava ravnote\u017eu izme\u0111u potrebe za zalihama i tro\u0161kova skladi\u0161tenja. Kori\u0161tenjem ABC\/XYZ analize i drugih naprednih tehnika, osiguravamo da imate pravu koli\u010dinu zaliha u pravom trenutku, bez nepotrebnih tro\u0161kova ili zastarjelih proizvoda. \u0160to nudimo: Benefiti:<\/p>\n","protected":false},"author":1,"featured_media":0,"parent":37,"menu_order":0,"comment_status":"closed","ping_status":"closed","template":"","meta":{"_kadence_starter_templates_imported_post":false,"_swpsp_post_exclude":false,"_kad_post_transparent":"","_kad_post_title":"","_kad_post_layout":"","_kad_post_sidebar_id":"","_kad_post_content_style":"","_kad_post_vertical_padding":"","_kad_post_feature":"","_kad_post_feature_position":"","_kad_post_header":false,"_kad_post_footer":false,"_kad_post_classname":"","footnotes":""},"class_list":["post-143","page","type-page","status-publish","hentry"],"_links":{"self":[{"href":"https:\/\/www.innovalog-consulting.hr\/index.php\/wp-json\/wp\/v2\/pages\/143","targetHints":{"allow":["GET"]}}],"collection":[{"href":"https:\/\/www.innovalog-consulting.hr\/index.php\/wp-json\/wp\/v2\/pages"}],"about":[{"href":"https:\/\/www.innovalog-consulting.hr\/index.php\/wp-json\/wp\/v2\/types\/page"}],"author":[{"embeddable":true,"href":"https:\/\/www.innovalog-consulting.hr\/index.php\/wp-json\/wp\/v2\/users\/1"}],"replies":[{"embeddable":true,"href":"https:\/\/www.innovalog-consulting.hr\/index.php\/wp-json\/wp\/v2\/comments?post=143"}],"version-history":[{"count":3,"href":"https:\/\/www.innovalog-consulting.hr\/index.php\/wp-json\/wp\/v2\/pages\/143\/revisions"}],"predecessor-version":[{"id":170,"href":"https:\/\/www.innovalog-consulting.hr\/index.php\/wp-json\/wp\/v2\/pages\/143\/revisions\/170"}],"up":[{"embeddable":true,"href":"https:\/\/www.innovalog-consulting.hr\/index.php\/wp-json\/wp\/v2\/pages\/37"}],"wp:attachment":[{"href":"https:\/\/www.innovalog-consulting.hr\/index.php\/wp-json\/wp\/v2\/media?parent=143"}],"curies":[{"name":"wp","href":"https:\/\/api.w.org\/{rel}","templated":true}]}}