{"id":141,"date":"2025-08-14T13:17:28","date_gmt":"2025-08-14T11:17:28","guid":{"rendered":"https:\/\/innovalog-consulting.hr\/?page_id=141"},"modified":"2025-08-14T13:42:47","modified_gmt":"2025-08-14T11:42:47","slug":"dizajn-logisticke-mreze","status":"publish","type":"page","link":"https:\/\/www.innovalog-consulting.hr\/index.php\/usluge\/dizajn-logisticke-mreze\/","title":{"rendered":"Dizajn Logisti\u010dke Mre\u017ee"},"content":{"rendered":"<style>.kb-row-layout-id141_761e58-18 > .kt-row-column-wrap{align-content:center;}:where(.kb-row-layout-id141_761e58-18 > .kt-row-column-wrap) > .wp-block-kadence-column{justify-content:center;}.kb-row-layout-id141_761e58-18 > .kt-row-column-wrap{column-gap:var(--global-kb-gap-md, 2rem);row-gap:var(--global-kb-gap-md, 2rem);padding-top:var(--global-kb-spacing-5xl, 10rem);padding-bottom:var(--global-kb-spacing-sm, 1.5rem);grid-template-columns:minmax(0, 2fr) minmax(0, 1fr);}.kb-row-layout-id141_761e58-18 > .kt-row-layout-overlay{opacity:0.30;}@media all and (max-width: 1024px){.kb-row-layout-id141_761e58-18 > .kt-row-column-wrap{grid-template-columns:minmax(0, 2fr) minmax(0, 1fr);}}@media all and (max-width: 767px){.kb-row-layout-id141_761e58-18 > .kt-row-column-wrap{grid-template-columns:minmax(0, 1fr);}}<\/style><div class=\"kb-row-layout-wrap kb-row-layout-id141_761e58-18 alignnone wp-block-kadence-rowlayout\"><div class=\"kt-row-column-wrap kt-has-2-columns kt-row-layout-left-golden kt-tab-layout-inherit kt-mobile-layout-row kt-row-valign-middle\">\n<style>.kadence-column141_58e57d-3a > .kt-inside-inner-col,.kadence-column141_58e57d-3a > .kt-inside-inner-col:before{border-top-left-radius:0px;border-top-right-radius:0px;border-bottom-right-radius:0px;border-bottom-left-radius:0px;}.kadence-column141_58e57d-3a > .kt-inside-inner-col{column-gap:var(--global-kb-gap-sm, 1rem);}.kadence-column141_58e57d-3a > .kt-inside-inner-col{flex-direction:column;}.kadence-column141_58e57d-3a > .kt-inside-inner-col > .aligncenter{width:100%;}.kadence-column141_58e57d-3a > .kt-inside-inner-col:before{opacity:0.3;}.kadence-column141_58e57d-3a{position:relative;}@media all and (max-width: 1024px){.kadence-column141_58e57d-3a > .kt-inside-inner-col{flex-direction:column;justify-content:center;}}@media all and (max-width: 767px){.kadence-column141_58e57d-3a > .kt-inside-inner-col{flex-direction:column;justify-content:center;}}<\/style>\n<div class=\"wp-block-kadence-column kadence-column141_58e57d-3a\"><div class=\"kt-inside-inner-col\">\n<p id=\"cd_phhe9ts1zm\"><strong>Logisti\u010dka mre\u017ea<\/strong> je temelj svakog uspje\u0161nog poslovanja u transportu i distribuciji. Pomo\u0107u analize tr\u017ei\u0161ta i specifi\u010dnih potreba va\u0161eg poslovanja, projektiramo distribucijske centre i optimiziramo logisti\u010dke rute prema geografskom profilu Hrvatske i me\u0111unarodnim standardima.<\/p>\n\n\n\n<p><strong>\u0160to nudimo:<\/strong><\/p>\n\n\n\n<ul class=\"wp-block-list\">\n<li>Analiza postoje\u0107ih logisti\u010dkih mre\u017ea i prijedlog pobolj\u0161anja<\/li>\n\n\n\n<li>Projektiranje distribucijskih centara prema specifi\u010dnostima va\u0161eg tr\u017ei\u0161ta<\/li>\n\n\n\n<li>Optimizacija mre\u017ee za bolju dostupnost krajnjim korisnicima<\/li>\n\n\n\n<li>Povezivanje skladi\u0161ta, distribucijskih centara i transportnih \u010dvori\u0161ta u jedinstveni sustav<\/li>\n\n\n\n<li>Pra\u0107enje u\u010dinkovitosti logisti\u010dke mre\u017ee i prijedlozi za pobolj\u0161anje<\/li>\n<\/ul>\n\n\n\n<p><strong>Benefiti:<\/strong><\/p>\n\n\n\n<ul class=\"wp-block-list\">\n<li>Pove\u0107ana fleksibilnost i brzina distribucije<\/li>\n\n\n\n<li>Smanjenje tro\u0161kova skladi\u0161tenja i transporta<\/li>\n\n\n\n<li>Bolje upravljanje i kontrola cijelog opskrbnog lanca<\/li>\n<\/ul>\n<\/div><\/div>\n\n\n<style>.kadence-column141_feacce-c1 > .kt-inside-inner-col,.kadence-column141_feacce-c1 > .kt-inside-inner-col:before{border-top-left-radius:0px;border-top-right-radius:0px;border-bottom-right-radius:0px;border-bottom-left-radius:0px;}.kadence-column141_feacce-c1 > .kt-inside-inner-col{column-gap:var(--global-kb-gap-sm, 1rem);}.kadence-column141_feacce-c1 > .kt-inside-inner-col{flex-direction:column;}.kadence-column141_feacce-c1 > .kt-inside-inner-col > .aligncenter{width:100%;}.kadence-column141_feacce-c1 > .kt-inside-inner-col:before{opacity:0.3;}.kadence-column141_feacce-c1{position:relative;}@media all and (max-width: 1024px){.kadence-column141_feacce-c1 > .kt-inside-inner-col{flex-direction:column;justify-content:center;}}@media all and (max-width: 767px){.kadence-column141_feacce-c1 > .kt-inside-inner-col{flex-direction:column;justify-content:center;}}<\/style>\n<div class=\"wp-block-kadence-column kadence-column141_feacce-c1\"><div class=\"kt-inside-inner-col\">\n<figure class=\"wp-block-image size-large\"><img loading=\"lazy\" decoding=\"async\" width=\"585\" height=\"1024\" sizes=\"auto, (max-width: 585px) 100vw, 585px\" src=\"https:\/\/innovalog-consulting.hr\/wp-content\/uploads\/2025\/08\/StockCake-Smart-Logistics-Network_1742915696-585x1024.jpg\" alt=\"\" class=\"wp-image-163\" srcset=\"https:\/\/www.innovalog-consulting.hr\/wp-content\/uploads\/2025\/08\/StockCake-Smart-Logistics-Network_1742915696-585x1024.jpg 585w, https:\/\/www.innovalog-consulting.hr\/wp-content\/uploads\/2025\/08\/StockCake-Smart-Logistics-Network_1742915696-171x300.jpg 171w, https:\/\/www.innovalog-consulting.hr\/wp-content\/uploads\/2025\/08\/StockCake-Smart-Logistics-Network_1742915696.jpg 768w\" \/><\/figure>\n<\/div><\/div>\n\n<\/div><\/div>","protected":false},"excerpt":{"rendered":"<p>Logisti\u010dka mre\u017ea je temelj svakog uspje\u0161nog poslovanja u transportu i distribuciji. Pomo\u0107u analize tr\u017ei\u0161ta i specifi\u010dnih potreba va\u0161eg poslovanja, projektiramo distribucijske centre i optimiziramo logisti\u010dke rute prema geografskom profilu Hrvatske i me\u0111unarodnim standardima. \u0160to nudimo: Benefiti:<\/p>\n","protected":false},"author":1,"featured_media":0,"parent":37,"menu_order":0,"comment_status":"closed","ping_status":"closed","template":"","meta":{"_kadence_starter_templates_imported_post":false,"_swpsp_post_exclude":false,"_kad_post_transparent":"","_kad_post_title":"","_kad_post_layout":"","_kad_post_sidebar_id":"","_kad_post_content_style":"","_kad_post_vertical_padding":"","_kad_post_feature":"","_kad_post_feature_position":"","_kad_post_header":false,"_kad_post_footer":false,"_kad_post_classname":"","footnotes":""},"class_list":["post-141","page","type-page","status-publish","hentry"],"_links":{"self":[{"href":"https:\/\/www.innovalog-consulting.hr\/index.php\/wp-json\/wp\/v2\/pages\/141","targetHints":{"allow":["GET"]}}],"collection":[{"href":"https:\/\/www.innovalog-consulting.hr\/index.php\/wp-json\/wp\/v2\/pages"}],"about":[{"href":"https:\/\/www.innovalog-consulting.hr\/index.php\/wp-json\/wp\/v2\/types\/page"}],"author":[{"embeddable":true,"href":"https:\/\/www.innovalog-consulting.hr\/index.php\/wp-json\/wp\/v2\/users\/1"}],"replies":[{"embeddable":true,"href":"https:\/\/www.innovalog-consulting.hr\/index.php\/wp-json\/wp\/v2\/comments?post=141"}],"version-history":[{"count":3,"href":"https:\/\/www.innovalog-consulting.hr\/index.php\/wp-json\/wp\/v2\/pages\/141\/revisions"}],"predecessor-version":[{"id":171,"href":"https:\/\/www.innovalog-consulting.hr\/index.php\/wp-json\/wp\/v2\/pages\/141\/revisions\/171"}],"up":[{"embeddable":true,"href":"https:\/\/www.innovalog-consulting.hr\/index.php\/wp-json\/wp\/v2\/pages\/37"}],"wp:attachment":[{"href":"https:\/\/www.innovalog-consulting.hr\/index.php\/wp-json\/wp\/v2\/media?parent=141"}],"curies":[{"name":"wp","href":"https:\/\/api.w.org\/{rel}","templated":true}]}}