{"id":139,"date":"2025-08-14T13:16:54","date_gmt":"2025-08-14T11:16:54","guid":{"rendered":"https:\/\/innovalog-consulting.hr\/?page_id=139"},"modified":"2025-08-14T13:45:46","modified_gmt":"2025-08-14T11:45:46","slug":"upravljanje-transportom-i-distribucijom","status":"publish","type":"page","link":"https:\/\/www.innovalog-consulting.hr\/index.php\/usluge\/upravljanje-transportom-i-distribucijom\/","title":{"rendered":"Upravljanje Transportom i Distribucijom"},"content":{"rendered":"<style>.kb-row-layout-id139_6d9015-cd > .kt-row-column-wrap{align-content:center;}:where(.kb-row-layout-id139_6d9015-cd > .kt-row-column-wrap) > .wp-block-kadence-column{justify-content:center;}.kb-row-layout-id139_6d9015-cd > .kt-row-column-wrap{column-gap:var(--global-kb-gap-md, 2rem);row-gap:var(--global-kb-gap-md, 2rem);padding-top:var(--global-kb-spacing-5xl, 10rem);padding-bottom:var(--global-kb-spacing-sm, 1.5rem);grid-template-columns:minmax(0, 2fr) minmax(0, 1fr);}.kb-row-layout-id139_6d9015-cd > .kt-row-layout-overlay{opacity:0.30;}@media all and (max-width: 1024px){.kb-row-layout-id139_6d9015-cd > .kt-row-column-wrap{grid-template-columns:minmax(0, 2fr) minmax(0, 1fr);}}@media all and (max-width: 767px){.kb-row-layout-id139_6d9015-cd > .kt-row-column-wrap{grid-template-columns:minmax(0, 1fr);}}<\/style><div class=\"kb-row-layout-wrap kb-row-layout-id139_6d9015-cd alignnone wp-block-kadence-rowlayout\"><div class=\"kt-row-column-wrap kt-has-2-columns kt-row-layout-left-golden kt-tab-layout-inherit kt-mobile-layout-row kt-row-valign-middle\">\n<style>.kadence-column139_fd9aef-5d > .kt-inside-inner-col,.kadence-column139_fd9aef-5d > .kt-inside-inner-col:before{border-top-left-radius:0px;border-top-right-radius:0px;border-bottom-right-radius:0px;border-bottom-left-radius:0px;}.kadence-column139_fd9aef-5d > .kt-inside-inner-col{column-gap:var(--global-kb-gap-sm, 1rem);}.kadence-column139_fd9aef-5d > .kt-inside-inner-col{flex-direction:column;}.kadence-column139_fd9aef-5d > .kt-inside-inner-col > .aligncenter{width:100%;}.kadence-column139_fd9aef-5d > .kt-inside-inner-col:before{opacity:0.3;}.kadence-column139_fd9aef-5d{position:relative;}@media all and (max-width: 1024px){.kadence-column139_fd9aef-5d > .kt-inside-inner-col{flex-direction:column;justify-content:center;}}@media all and (max-width: 767px){.kadence-column139_fd9aef-5d > .kt-inside-inner-col{flex-direction:column;justify-content:center;}}<\/style>\n<div class=\"wp-block-kadence-column kadence-column139_fd9aef-5d\"><div class=\"kt-inside-inner-col\">\n<p id=\"cd_bdwi1w190mc\"><strong>Upravljanje transportom<\/strong> je klju\u010dni element za odr\u017eavanje u\u010dinkovite logisti\u010dke mre\u017ee. Na temelju detaljne analize va\u0161ih transportnih ruta i odabira pravih operatera, omogu\u0107avamo smanjenje tro\u0161kova i optimizaciju vremena isporuke, bilo da se radi o doma\u0107im ili me\u0111unarodnim relacijama.<\/p>\n\n\n\n<p><strong>\u0160to nudimo:<\/strong><\/p>\n\n\n\n<ul class=\"wp-block-list\">\n<li>Analiza trenutnih transportnih ruta i tro\u0161kova<\/li>\n\n\n\n<li>Odabir optimalnih transportnih operatera i partnera<\/li>\n\n\n\n<li>Optimizacija ruta za smanjenje tro\u0161kova goriva i vremena putovanja<\/li>\n\n\n\n<li>Pra\u0107enje i kontrola tro\u0161kova prijevoza<\/li>\n\n\n\n<li>Prilagodba strategija za me\u0111unarodne i doma\u0107e distribucije<\/li>\n<\/ul>\n\n\n\n<p><strong>Benefiti:<\/strong><\/p>\n\n\n\n<ul class=\"wp-block-list\">\n<li>Smanjenje tro\u0161kova transporta i logistike<\/li>\n\n\n\n<li>Br\u017ee i pouzdanije isporuke<\/li>\n<\/ul>\n<\/div><\/div>\n\n\n<style>.kadence-column139_2b63dc-c4 > .kt-inside-inner-col,.kadence-column139_2b63dc-c4 > .kt-inside-inner-col:before{border-top-left-radius:0px;border-top-right-radius:0px;border-bottom-right-radius:0px;border-bottom-left-radius:0px;}.kadence-column139_2b63dc-c4 > .kt-inside-inner-col{column-gap:var(--global-kb-gap-sm, 1rem);}.kadence-column139_2b63dc-c4 > .kt-inside-inner-col{flex-direction:column;}.kadence-column139_2b63dc-c4 > .kt-inside-inner-col > .aligncenter{width:100%;}.kadence-column139_2b63dc-c4 > .kt-inside-inner-col:before{opacity:0.3;}.kadence-column139_2b63dc-c4{position:relative;}@media all and (max-width: 1024px){.kadence-column139_2b63dc-c4 > .kt-inside-inner-col{flex-direction:column;justify-content:center;}}@media all and (max-width: 767px){.kadence-column139_2b63dc-c4 > .kt-inside-inner-col{flex-direction:column;justify-content:center;}}<\/style>\n<div class=\"wp-block-kadence-column kadence-column139_2b63dc-c4\"><div class=\"kt-inside-inner-col\"><div class=\"wp-block-image\">\n<figure class=\"aligncenter size-full\"><img loading=\"lazy\" decoding=\"async\" width=\"336\" height=\"600\" sizes=\"auto, (max-width: 336px) 100vw, 336px\" src=\"https:\/\/innovalog-consulting.hr\/wp-content\/uploads\/2025\/08\/admin-ajax-1.jpg\" alt=\"\" class=\"wp-image-161\" srcset=\"https:\/\/www.innovalog-consulting.hr\/wp-content\/uploads\/2025\/08\/admin-ajax-1.jpg 336w, https:\/\/www.innovalog-consulting.hr\/wp-content\/uploads\/2025\/08\/admin-ajax-1-168x300.jpg 168w\" \/><\/figure>\n<\/div><\/div><\/div>\n\n<\/div><\/div>","protected":false},"excerpt":{"rendered":"<p>Upravljanje transportom je klju\u010dni element za odr\u017eavanje u\u010dinkovite logisti\u010dke mre\u017ee. Na temelju detaljne analize va\u0161ih transportnih ruta i odabira pravih operatera, omogu\u0107avamo smanjenje tro\u0161kova i optimizaciju vremena isporuke, bilo da se radi o doma\u0107im ili me\u0111unarodnim relacijama. \u0160to nudimo: Benefiti:<\/p>\n","protected":false},"author":1,"featured_media":0,"parent":37,"menu_order":0,"comment_status":"closed","ping_status":"closed","template":"","meta":{"_kadence_starter_templates_imported_post":false,"_swpsp_post_exclude":false,"_kad_post_transparent":"","_kad_post_title":"","_kad_post_layout":"","_kad_post_sidebar_id":"","_kad_post_content_style":"","_kad_post_vertical_padding":"","_kad_post_feature":"","_kad_post_feature_position":"","_kad_post_header":false,"_kad_post_footer":false,"_kad_post_classname":"","footnotes":""},"class_list":["post-139","page","type-page","status-publish","hentry"],"_links":{"self":[{"href":"https:\/\/www.innovalog-consulting.hr\/index.php\/wp-json\/wp\/v2\/pages\/139","targetHints":{"allow":["GET"]}}],"collection":[{"href":"https:\/\/www.innovalog-consulting.hr\/index.php\/wp-json\/wp\/v2\/pages"}],"about":[{"href":"https:\/\/www.innovalog-consulting.hr\/index.php\/wp-json\/wp\/v2\/types\/page"}],"author":[{"embeddable":true,"href":"https:\/\/www.innovalog-consulting.hr\/index.php\/wp-json\/wp\/v2\/users\/1"}],"replies":[{"embeddable":true,"href":"https:\/\/www.innovalog-consulting.hr\/index.php\/wp-json\/wp\/v2\/comments?post=139"}],"version-history":[{"count":3,"href":"https:\/\/www.innovalog-consulting.hr\/index.php\/wp-json\/wp\/v2\/pages\/139\/revisions"}],"predecessor-version":[{"id":176,"href":"https:\/\/www.innovalog-consulting.hr\/index.php\/wp-json\/wp\/v2\/pages\/139\/revisions\/176"}],"up":[{"embeddable":true,"href":"https:\/\/www.innovalog-consulting.hr\/index.php\/wp-json\/wp\/v2\/pages\/37"}],"wp:attachment":[{"href":"https:\/\/www.innovalog-consulting.hr\/index.php\/wp-json\/wp\/v2\/media?parent=139"}],"curies":[{"name":"wp","href":"https:\/\/api.w.org\/{rel}","templated":true}]}}